{"id":143,"date":"2023-06-27T17:55:07","date_gmt":"2023-06-27T17:55:07","guid":{"rendered":"https:\/\/talleresalonso.com\/?page_id=143"},"modified":"2023-06-29T16:34:34","modified_gmt":"2023-06-29T16:34:34","slug":"contacto","status":"publish","type":"page","link":"https:\/\/talleresalonso.com\/?page_id=143","title":{"rendered":"Contacto"},"content":{"rendered":"\t\t<div data-elementor-type=\"wp-page\" data-elementor-id=\"143\" class=\"elementor elementor-143\">\n\t\t\t\t\t\t<section class=\"elementor-section elementor-top-section elementor-element elementor-element-3f95ab3 elementor-section-boxed elementor-section-height-default elementor-section-height-default\" data-id=\"3f95ab3\" data-element_type=\"section\" data-e-type=\"section\">\n\t\t\t\t\t\t<div class=\"elementor-container elementor-column-gap-default\">\n\t\t\t\t\t<div class=\"elementor-column elementor-col-100 elementor-top-column elementor-element elementor-element-ed7679a\" data-id=\"ed7679a\" data-element_type=\"column\" data-e-type=\"column\">\n\t\t\t<div class=\"elementor-widget-wrap elementor-element-populated\">\n\t\t\t\t\t\t<div class=\"elementor-element elementor-element-6a679da elementor-widget elementor-widget-image\" data-id=\"6a679da\" data-element_type=\"widget\" data-e-type=\"widget\" data-widget_type=\"image.default\">\n\t\t\t\t<div class=\"elementor-widget-container\">\n\t\t\t\t\t\t\t\t\t\t\t\t\t\t\t<img fetchpriority=\"high\" decoding=\"async\" width=\"1430\" height=\"334\" src=\"https:\/\/talleresalonso.com\/wp-content\/uploads\/2023\/06\/cpntac.png\" class=\"attachment-2048x2048 size-2048x2048 wp-image-308\" alt=\"\" srcset=\"https:\/\/talleresalonso.com\/wp-content\/uploads\/2023\/06\/cpntac.png 1430w, https:\/\/talleresalonso.com\/wp-content\/uploads\/2023\/06\/cpntac-300x70.png 300w, https:\/\/talleresalonso.com\/wp-content\/uploads\/2023\/06\/cpntac-1024x239.png 1024w, https:\/\/talleresalonso.com\/wp-content\/uploads\/2023\/06\/cpntac-768x179.png 768w\" sizes=\"(max-width: 1430px) 100vw, 1430px\" \/>\t\t\t\t\t\t\t\t\t\t\t\t\t\t\t<\/div>\n\t\t\t\t<\/div>\n\t\t\t\t\t<\/div>\n\t\t<\/div>\n\t\t\t\t\t<\/div>\n\t\t<\/section>\n\t\t\t\t<section class=\"elementor-section elementor-top-section elementor-element elementor-element-94f564a elementor-section-boxed elementor-section-height-default elementor-section-height-default\" data-id=\"94f564a\" data-element_type=\"section\" data-e-type=\"section\">\n\t\t\t\t\t\t<div class=\"elementor-container elementor-column-gap-default\">\n\t\t\t\t\t<div class=\"elementor-column elementor-col-50 elementor-top-column elementor-element elementor-element-05b3ed6\" data-id=\"05b3ed6\" data-element_type=\"column\" data-e-type=\"column\">\n\t\t\t<div class=\"elementor-widget-wrap elementor-element-populated\">\n\t\t\t\t\t\t<div class=\"elementor-element elementor-element-19cf08a elementor-widget elementor-widget-text-editor\" data-id=\"19cf08a\" data-element_type=\"widget\" data-e-type=\"widget\" data-widget_type=\"text-editor.default\">\n\t\t\t\t<div class=\"elementor-widget-container\">\n\t\t\t\t\t\t\t\t\t<h4 class=\"ds-title \" style=\"text-align: left;\" title=\"Pide tu cita: m\u00e1ndanos&nbsp; un e-mail\"><strong><span class=\"text-size-1\" style=\"color: #0000ff;\">Pide tu cita: m\u00e1ndanos&nbsp; un e-mail<\/span><\/strong><\/h4>\n<div class=\"lead ds-subtitle\">\n<p class=\"text-size-1\"><b>Talleres Alonso &amp; Moya S.L.<\/b><\/p>\n<p class=\"text-size-1\"><b>Taller oficial Bosch Service<\/b><\/p>\n<p class=\"text-size-1\"><b>Mec\u00e1nica r\u00e1pida |&nbsp; &nbsp;Carrocer\u00eda | Pre ITV<\/b><\/p>\n<p class=\"text-size-1\">C\/ Movinda n\u00ba 9<\/p>\n<p class=\"text-size-1\">(Ciudad Lineal \u2013 Cerca de la Calle Alcal\u00e1).<\/p>\n<p class=\"text-size-1\">28037 Madrid (MADRID) Espa\u00f1a<\/p>\n<p class=\"text-size-1\">Tel\u00e9fono:&nbsp;<span style=\"color: #ff0000;\"><a style=\"color: #ff0000;\" href=\"tel:917424274\">917424274<\/a><\/span><\/p>\n<p class=\"text-size-1\">Tel\u00e9fono:&nbsp;<a href=\"tel:917426493\" target=\"_blank\" rel=\"noopener\" data-type=\"external\" data-name=\"tel:917426493\" data-slug=\"undefined\" data-id=\"null\"><span style=\"color: #ff0000;\">917426493<\/span><\/a><\/p>\n<p class=\"text-size-1\"><span style=\"color: #ff0000;\"><strong><a style=\"color: #ff0000;\" href=\"mailto:talonsoymoya@gmail.com\" target=\"_blank\" rel=\"noopener\" data-type=\"external\" data-name=\"mailto:talonsoymoya@gmail.com\" data-slug=\"undefined\" data-id=\"null\">talonsoymoya@gmail.com<\/a><\/strong><\/span><\/p><p class=\"text-size-1\"><span style=\"color: #ff0000;\">tfremark@gmail.com<\/span><\/p>\n<\/div>\t\t\t\t\t\t\t\t<\/div>\n\t\t\t\t<\/div>\n\t\t\t\t\t<\/div>\n\t\t<\/div>\n\t\t\t\t<div class=\"elementor-column elementor-col-50 elementor-top-column elementor-element elementor-element-ac2ee37\" data-id=\"ac2ee37\" data-element_type=\"column\" data-e-type=\"column\">\n\t\t\t<div class=\"elementor-widget-wrap elementor-element-populated\">\n\t\t\t\t\t\t<div class=\"elementor-element elementor-element-7856258 elementor-widget elementor-widget-google_maps\" data-id=\"7856258\" data-element_type=\"widget\" data-e-type=\"widget\" data-widget_type=\"google_maps.default\">\n\t\t\t\t<div class=\"elementor-widget-container\">\n\t\t\t\t\t\t\t<div class=\"elementor-custom-embed\">\n\t\t\t<iframe loading=\"lazy\"\n\t\t\t\t\tsrc=\"https:\/\/maps.google.com\/maps?q=movinda%209%20madrid%20&#038;t=m&#038;z=10&#038;output=embed&#038;iwloc=near\"\n\t\t\t\t\ttitle=\"movinda 9 madrid \"\n\t\t\t\t\taria-label=\"movinda 9 madrid \"\n\t\t\t><\/iframe>\n\t\t<\/div>\n\t\t\t\t\t\t<\/div>\n\t\t\t\t<\/div>\n\t\t\t\t\t<\/div>\n\t\t<\/div>\n\t\t\t\t\t<\/div>\n\t\t<\/section>\n\t\t\t\t<\/div>\n\t\t","protected":false},"excerpt":{"rendered":"<p>Pide tu cita: m\u00e1ndanos&nbsp; un e-mail Talleres Alonso &amp; Moya S.L. Taller oficial Bosch Service Mec\u00e1nica r\u00e1pida |&nbsp; &nbsp;Carrocer\u00eda | Pre ITV C\/ Movinda n\u00ba 9 (Ciudad Lineal \u2013 Cerca de la Calle Alcal\u00e1). 28037 Madrid (MADRID) Espa\u00f1a Tel\u00e9fono:&nbsp;917424274 Tel\u00e9fono:&nbsp;917426493 talonsoymoya@gmail.com tfremark@gmail.com<\/p>\n","protected":false},"author":1,"featured_media":0,"parent":0,"menu_order":0,"comment_status":"closed","ping_status":"closed","template":"","meta":{"_kadence_starter_templates_imported_post":false,"footnotes":""},"class_list":["post-143","page","type-page","status-publish","hentry"],"_links":{"self":[{"href":"https:\/\/talleresalonso.com\/index.php?rest_route=\/wp\/v2\/pages\/143","targetHints":{"allow":["GET"]}}],"collection":[{"href":"https:\/\/talleresalonso.com\/index.php?rest_route=\/wp\/v2\/pages"}],"about":[{"href":"https:\/\/talleresalonso.com\/index.php?rest_route=\/wp\/v2\/types\/page"}],"author":[{"embeddable":true,"href":"https:\/\/talleresalonso.com\/index.php?rest_route=\/wp\/v2\/users\/1"}],"replies":[{"embeddable":true,"href":"https:\/\/talleresalonso.com\/index.php?rest_route=%2Fwp%2Fv2%2Fcomments&post=143"}],"version-history":[{"count":0,"href":"https:\/\/talleresalonso.com\/index.php?rest_route=\/wp\/v2\/pages\/143\/revisions"}],"wp:attachment":[{"href":"https:\/\/talleresalonso.com\/index.php?rest_route=%2Fwp%2Fv2%2Fmedia&parent=143"}],"curies":[{"name":"wp","href":"https:\/\/api.w.org\/{rel}","templated":true}]}}