{"id":139,"date":"2023-06-27T17:52:08","date_gmt":"2023-06-27T17:52:08","guid":{"rendered":"https:\/\/talleresalonso.com\/?page_id=139"},"modified":"2023-07-04T18:45:10","modified_gmt":"2023-07-04T18:45:10","slug":"servicios","status":"publish","type":"page","link":"https:\/\/talleresalonso.com\/?page_id=139","title":{"rendered":"Servicios"},"content":{"rendered":"\t\t<div data-elementor-type=\"wp-page\" data-elementor-id=\"139\" class=\"elementor elementor-139\">\n\t\t\t\t\t\t<section class=\"elementor-section elementor-top-section elementor-element elementor-element-2e8bcb0 elementor-section-boxed elementor-section-height-default elementor-section-height-default\" data-id=\"2e8bcb0\" data-element_type=\"section\" data-e-type=\"section\">\n\t\t\t\t\t\t<div class=\"elementor-container elementor-column-gap-default\">\n\t\t\t\t\t<div class=\"elementor-column elementor-col-50 elementor-top-column elementor-element elementor-element-c4f79bc\" data-id=\"c4f79bc\" data-element_type=\"column\" data-e-type=\"column\">\n\t\t\t<div class=\"elementor-widget-wrap elementor-element-populated\">\n\t\t\t\t\t\t<div class=\"elementor-element elementor-element-96b37c9 elementor-widget elementor-widget-image\" data-id=\"96b37c9\" data-element_type=\"widget\" data-e-type=\"widget\" data-widget_type=\"image.default\">\n\t\t\t\t<div class=\"elementor-widget-container\">\n\t\t\t\t\t\t\t\t\t\t\t\t\t\t\t<img fetchpriority=\"high\" decoding=\"async\" width=\"521\" height=\"346\" src=\"https:\/\/talleresalonso.com\/wp-content\/uploads\/2023\/06\/Servicios.png\" class=\"attachment-medium_large size-medium_large wp-image-478\" alt=\"\" srcset=\"https:\/\/talleresalonso.com\/wp-content\/uploads\/2023\/06\/Servicios.png 521w, https:\/\/talleresalonso.com\/wp-content\/uploads\/2023\/06\/Servicios-300x199.png 300w\" sizes=\"(max-width: 521px) 100vw, 521px\" \/>\t\t\t\t\t\t\t\t\t\t\t\t\t\t\t<\/div>\n\t\t\t\t<\/div>\n\t\t\t\t\t<\/div>\n\t\t<\/div>\n\t\t\t\t<div class=\"elementor-column elementor-col-50 elementor-top-column elementor-element elementor-element-c5a1e9f\" data-id=\"c5a1e9f\" data-element_type=\"column\" data-e-type=\"column\">\n\t\t\t<div class=\"elementor-widget-wrap elementor-element-populated\">\n\t\t\t\t\t\t<div class=\"elementor-element elementor-element-aa1be34 elementor-widget elementor-widget-text-editor\" data-id=\"aa1be34\" data-element_type=\"widget\" data-e-type=\"widget\" data-widget_type=\"text-editor.default\">\n\t\t\t\t<div class=\"elementor-widget-container\">\n\t\t\t\t\t\t\t\t\t<h1 class=\"ds-title main-title  \" style=\"color: #444444; font-family: 'Fjalla One', sans-serif; line-height: 1.2; margin-bottom: 0.5em; font-size: 2.5rem; letter-spacing: -0.5px; background-color: #ffffff; -webkit-print-color-adjust: exact !important;\" title=\"Dedicados tambi\u00e9n a la reparaci\u00f3n de coches cl\u00e1sicos.\">Dedicados tambi\u00e9n a la reparaci\u00f3n de coches cl\u00e1sicos.<span style=\"-webkit-print-color-adjust: exact !important;\"><br style=\"-webkit-print-color-adjust: exact !important;\" \/><\/span><\/h1><div class=\"text\" style=\"color: #444444; font-family: Lato, sans-serif; font-size: 17.85px; background-color: #ffffff; -webkit-print-color-adjust: exact !important;\"><div class=\"ds-text \" style=\"-webkit-print-color-adjust: exact !important;\"><p style=\"margin-bottom: 1em; -webkit-print-color-adjust: exact !important;\">Optimizamos el trabajo diario para conseguir la m\u00e1xima rapidez sin menospreciar su seguridad. Con maquinaria de \u00faltima generaci\u00f3n y un equipo t\u00e9cnico altamente cualificado podemos brindarle un listado de servicios cada d\u00eda m\u00e1s completo:<\/p><\/div><\/div>\t\t\t\t\t\t\t\t<\/div>\n\t\t\t\t<\/div>\n\t\t\t\t\t<\/div>\n\t\t<\/div>\n\t\t\t\t\t<\/div>\n\t\t<\/section>\n\t\t\t\t<section class=\"elementor-section elementor-top-section elementor-element elementor-element-0e10024 elementor-section-boxed elementor-section-height-default elementor-section-height-default\" data-id=\"0e10024\" data-element_type=\"section\" data-e-type=\"section\">\n\t\t\t\t\t\t<div class=\"elementor-container elementor-column-gap-default\">\n\t\t\t\t\t<div class=\"elementor-column elementor-col-50 elementor-top-column elementor-element elementor-element-105bc2e\" data-id=\"105bc2e\" data-element_type=\"column\" data-e-type=\"column\">\n\t\t\t<div class=\"elementor-widget-wrap elementor-element-populated\">\n\t\t\t\t\t\t<div class=\"elementor-element elementor-element-c85a4f8 elementor-widget elementor-widget-text-editor\" data-id=\"c85a4f8\" data-element_type=\"widget\" data-e-type=\"widget\" data-widget_type=\"text-editor.default\">\n\t\t\t\t<div class=\"elementor-widget-container\">\n\t\t\t\t\t\t\t\t\t<ul><li>Mec\u00e1nica R\u00e1pida<\/li><li>Reparaciones Express<\/li><li>Pre-Itv<\/li><li>Cambio de neum\u00e1ticos<\/li><li>Carrocer\u00eda<\/li><li>Electricidad<\/li><li>Diagnosis Foto Peritaci\u00f3n<\/li><li>Bancada y \u00fatiles de estiramiento<\/li><li>Recogida y entrega coche a domicili\u00f3<\/li><li>Siniestros<\/li><\/ul>\t\t\t\t\t\t\t\t<\/div>\n\t\t\t\t<\/div>\n\t\t\t\t\t<\/div>\n\t\t<\/div>\n\t\t\t\t<div class=\"elementor-column elementor-col-50 elementor-top-column elementor-element elementor-element-7abb484\" data-id=\"7abb484\" data-element_type=\"column\" data-e-type=\"column\">\n\t\t\t<div class=\"elementor-widget-wrap elementor-element-populated\">\n\t\t\t\t\t\t<div class=\"elementor-element elementor-element-3413320 animated-slow elementor-invisible elementor-widget elementor-widget-heading\" data-id=\"3413320\" data-element_type=\"widget\" data-e-type=\"widget\" data-settings=\"{&quot;_animation&quot;:&quot;wobble&quot;,&quot;_animation_delay&quot;:1}\" data-widget_type=\"heading.default\">\n\t\t\t\t<div class=\"elementor-widget-container\">\n\t\t\t\t\t<h3 class=\"elementor-heading-title elementor-size-default\">Veh\u00edculo de Sustituci\u00f3n<br><\/h3>\t\t\t\t<\/div>\n\t\t\t\t<\/div>\n\t\t\t\t\t<\/div>\n\t\t<\/div>\n\t\t\t\t\t<\/div>\n\t\t<\/section>\n\t\t\t\t<\/div>\n\t\t","protected":false},"excerpt":{"rendered":"<p>Dedicados tambi\u00e9n a la reparaci\u00f3n de coches cl\u00e1sicos. Optimizamos el trabajo diario para conseguir la m\u00e1xima rapidez sin menospreciar su seguridad. Con maquinaria de \u00faltima generaci\u00f3n y un equipo t\u00e9cnico altamente cualificado podemos brindarle un listado de servicios cada d\u00eda m\u00e1s completo: Mec\u00e1nica R\u00e1pida Reparaciones Express Pre-Itv Cambio de neum\u00e1ticos Carrocer\u00eda Electricidad Diagnosis Foto Peritaci\u00f3n [&hellip;]<\/p>\n","protected":false},"author":1,"featured_media":0,"parent":0,"menu_order":0,"comment_status":"closed","ping_status":"closed","template":"","meta":{"_kadence_starter_templates_imported_post":false,"footnotes":""},"class_list":["post-139","page","type-page","status-publish","hentry"],"_links":{"self":[{"href":"https:\/\/talleresalonso.com\/index.php?rest_route=\/wp\/v2\/pages\/139","targetHints":{"allow":["GET"]}}],"collection":[{"href":"https:\/\/talleresalonso.com\/index.php?rest_route=\/wp\/v2\/pages"}],"about":[{"href":"https:\/\/talleresalonso.com\/index.php?rest_route=\/wp\/v2\/types\/page"}],"author":[{"embeddable":true,"href":"https:\/\/talleresalonso.com\/index.php?rest_route=\/wp\/v2\/users\/1"}],"replies":[{"embeddable":true,"href":"https:\/\/talleresalonso.com\/index.php?rest_route=%2Fwp%2Fv2%2Fcomments&post=139"}],"version-history":[{"count":0,"href":"https:\/\/talleresalonso.com\/index.php?rest_route=\/wp\/v2\/pages\/139\/revisions"}],"wp:attachment":[{"href":"https:\/\/talleresalonso.com\/index.php?rest_route=%2Fwp%2Fv2%2Fmedia&parent=139"}],"curies":[{"name":"wp","href":"https:\/\/api.w.org\/{rel}","templated":true}]}}